{"id":4545,"date":"2021-11-18T09:08:01","date_gmt":"2021-11-18T12:08:01","guid":{"rendered":"https:\/\/www.sistran.com\/latam\/?page_id=4545"},"modified":"2024-03-25T19:21:55","modified_gmt":"2024-03-25T22:21:55","slug":"servicios-profesionales-3","status":"publish","type":"page","link":"https:\/\/www.sistran.com\/latam\/es\/servicios-profesionales-3\/","title":{"rendered":"Servicios Profesionales 2"},"content":{"rendered":"<div class=\"wpb-content-wrapper\"><p>[vc_row][vc_column][vc_custom_heading text=&#8221;Nuestros Servicios&#8221; font_container=&#8221;tag:h2|font_size:4rem|text_align:left|color:%23009cff&#8221; google_fonts=&#8221;font_family:Montserrat%3Aregular%2C700|font_style:400%20regular%3A400%3Anormal&#8221; css_animation=&#8221;fadeInUp&#8221;][\/vc_column][\/vc_row][vc_row][vc_column][vc_column_text css_animation=&#8221;fadeInUp&#8221;]<\/p>\n<p style=\"font-size: 3.5rem; color: #350eb5; text-align: left;\">\u201cNuestro equipo est\u00e1 compuesto por experimentados analistas de negocio, gerentes de proyectos, arquitectos de soluciones, programadores y especialistas en aplicaci\u00f3n, totalmente orientados al sector de seguros.\u201d<\/p>\n<p>[\/vc_column_text][\/vc_column][\/vc_row][vc_row][vc_column css_animation=&#8221;fadeInUp&#8221;][vc_column_text css_animation=&#8221;fadeInUp&#8221; el_class=&#8221;texto-compania&#8221; css=&#8221;.vc_custom_1629503623998{margin-top: 10px !important;}&#8221;]<\/p>\n<p style=\"text-align: left;\">SISTRAN cuenta con cuatro d\u00e9cadas de experiencia en el negocio de seguros, lo que garantiza la provisi\u00f3n de soluciones inform\u00e1ticas, acompa\u00f1ada de un alto nivel t\u00e9cnico de consultor\u00eda para alcanzar los objetivos de sus clientes.<\/p>\n<p>[\/vc_column_text][\/vc_column][\/vc_row][vc_row][vc_column][vc_column_text css_animation=&#8221;fadeInUp&#8221; css=&#8221;.vc_custom_1637237137541{margin-top: 25px !important;margin-bottom: 25px !important;padding-top: 50px !important;padding-right: 20px !important;padding-bottom: 50px !important;padding-left: 20px !important;background-color: #0d6bdf !important;border-radius: 15px !important;}&#8221; el_class=&#8221;frase-compania-fondo-azul&#8221;]<\/p>\n<p class=\"resaltado-compania\" style=\"color: white; font-size: 25px; text-align: center;\"><em>\u201cLa tecnolog\u00eda de informaci\u00f3n se est\u00e1 convirtiendo en un elemento clave en la transformaci\u00f3n del negocio\u201d.<\/em><\/p>\n<p>[\/vc_column_text][\/vc_column][\/vc_row][vc_row][vc_column][vc_custom_heading text=&#8221;L\u00edneas de Servicio&#8221; font_container=&#8221;tag:h2|font_size:4rem|text_align:left|color:%23009cff&#8221; google_fonts=&#8221;font_family:Montserrat%3Aregular%2C700|font_style:400%20regular%3A400%3Anormal&#8221; css_animation=&#8221;fadeInUp&#8221; css=&#8221;.vc_custom_1629411417867{padding-top: 60px !important;}&#8221;][\/vc_column][\/vc_row][vc_row][vc_column][vc_column_text css_animation=&#8221;fadeInUp&#8221; el_class=&#8221;texto-compania&#8221;]<\/p>\n<ul style=\"font-family: corbel;\">\n<li>Desarrollo e Implementaci\u00f3n:\n<ul style=\"font-family: corbel;\">\n<li>Consultor\u00eda en Planificaci\u00f3n de Proyectos<\/li>\n<li>Instalaci\u00f3n e Implementaci\u00f3n de Sistemas o Nuevos M\u00f3dulos<\/li>\n<li>Migraci\u00f3n<\/li>\n<\/ul>\n<\/li>\n<li>Soporte:\n<ul style=\"font-family: corbel;\">\n<li>Mantenimiento Preventivo y Correctivo<\/li>\n<li>Mantenimiento Normativo<\/li>\n<li>Desarrollos e Implementaciones adicionales \u2013 Ordenes de Trabajo | OT<\/li>\n<li>Administraci\u00f3n de la Plataforma Cloud<\/li>\n<\/ul>\n<\/li>\n<li>Adicionales:\n<ul style=\"font-family: corbel;\">\n<li>Consultor\u00edas<\/li>\n<li>Outsourcing de Recursos<\/li>\n<li>Capacitaci\u00f3n<\/li>\n<li>Guardias Pasivas\/Activas<\/li>\n<\/ul>\n<\/li>\n<\/ul>\n<p>[\/vc_column_text][\/vc_column][\/vc_row][vc_row css=&#8221;.vc_custom_1629133480166{margin-top: 10px !important;}&#8221;][vc_column][vc_tta_tabs][vc_tta_section 1=&#8221;\/&gt;&#8220;&#8221; 2=&#8221;&#8221; 3=&#8221;\/>&#8220;&#8221; style=&#8221;&#96;&#96;with: 140px;&#8221; src=&#8221;&#96;&#96;https:\/\/www.sistran.com\/latam\/wp-content\/uploads\/2021\/08\/servicios.png&#96;&#96;&#8221; alt=&#8221;&#96;&#96;Desarrollo-e-implementacion&#96;&#96;&#8221; tab_id=&#8221;1633044729897-c595eeb9-55a5&#8243; title=&#8221;<img style=``width: 140px;`` src=``https:\/\/www.sistran.com\/latam\/wp-content\/uploads\/2021\/11\/1Icono_DesarrolloImplemantacion2.png`` alt=``Desarrollo``>&#8220;][vc_column_text]<\/p>\n<h3>Desarrollo e Implementaci\u00f3n<\/h3>\n<p>SISTRAN cuenta con especialistas de negocio y las metodolog\u00edas adecuadas que permiten arribar a una implementaci\u00f3n de nuestro sistema de manera exitosa.<\/p>\n<p>Los servicios de <strong>Consultor\u00eda en Planificaci\u00f3n de Proyectos<\/strong> se enfocan en el diagn\u00f3stico de la situaci\u00f3n actual, relevando las necesidades, los requerimientos funcionales\/tecnol\u00f3gicos y el impacto en el negocio con el objetivo de definir diferentes alternativas de Soluci\u00f3n.<\/p>\n<p>Definidas las soluciones, se brinda el servicio de <strong>Instalaci\u00f3n e Implementaci\u00f3n<\/strong>, as\u00ed como de asistencia t\u00e9cnica hasta la puesta en producci\u00f3n.<\/p>\n<p>El servicio de <strong>Migraci\u00f3n<\/strong> extrae, convierte y env\u00eda datos masivamente y en formato electr\u00f3nico de un sistema a otro, previo an\u00e1lisis del costo beneficio de la migraci\u00f3n respecto a la carga manual.[\/vc_column_text][\/vc_tta_section][vc_tta_section 1=&#8221;\/&gt;&#8220;&#8221; style=&#8221;&#8220;with: 140px;&#8221; src=&#8221;&#8220;https:\/\/www.sistran.com\/latam\/wp-content\/uploads\/2021\/08\/servicios2.png&#8220;&#8221; alt=&#8221;&#8220;Soporte&#8220;&#8221; tab_id=&#8221;1633044841794-bb911f79-6369&#8243; title=&#8221;<img style=``with:140px; padding-right: 10px;`` alt=``Soporte`` src=`` https:\/\/www.sistran.com\/latam\/wp-content\/uploads\/2021\/11\/2Icono_Soporte.png``>&#8220;][vc_column_text]<\/p>\n<h3>Soporte<\/h3>\n<p>Nuestro compromiso, como socio estrat\u00e9gico, contin\u00faa proveyendo servicios de mantenimiento y nuevos desarrollos, como parte del acompa\u00f1amiento en el crecimiento de su empresa.<\/p>\n<p>Los servicios de Soporte de SISTRAN cubren todas las necesidades que cada compa\u00f1\u00eda pueda requerir posterior a la implementaci\u00f3n de un sistema.<\/p>\n<p>SISTRAN no s\u00f3lo provee a sus clientes el tradicional <strong>mantenimiento preventivo y correctivo<\/strong>, sino que tambi\u00e9n provee el servicio \u00fanico de <strong>actualizaci\u00f3n de normativas<\/strong> legales que asegura el constante cumplimiento de las regulaciones legales del pa\u00eds.<\/p>\n<p>Adem\u00e1s, provee <strong>servicio de Soporte en la Plataforma Cloud<\/strong>, administrando la infraestructura sobre la cual se encuentra la soluci\u00f3n de manera de asegurar la disponibilidad, seguridad, continuidad y capacidad del servicio. Incluye la administraci\u00f3n de infraestructura (M\u00e1quinas virtuales, Servidores, Red) y de la plataforma (Base de Datos, Servidor Web y herramientas de desarrollo).<\/p>\n<p>Asimismo, realiza <strong>Desarrollos e Implementaciones Adicionales (OT)<\/strong>. El objetivo de este servicio es adaptar el sistema a los cambios del mercado o de procesos, estructura o Infraestructura de los clientes.<\/p>\n<p>En un contexto cambiante como el Latinoamericano este es uno de los valores diferenciales que hace de SISTRAN el proveedor l\u00edder de soluciones tecnol\u00f3gicas para el mercado asegurador.[\/vc_column_text][\/vc_tta_section][vc_tta_section 1=&#8221;\/&gt;&#8220;&#8221; style=&#8221;&#8220;with: 140px;&#8221; src=&#8221;&#8220;https:\/\/www.sistran.com\/latam\/wp-content\/uploads\/2021\/08\/servicios3.png&#8220;&#8221; alt=&#8221;&#8220;Consultoria&#8220;&#8221; tab_id=&#8221;1633044912398-3235a46e-3024&#8243; title=&#8221;<img style=``with:140px; padding-right: 10px;`` alt=``Adicionales`` src=`` https:\/\/www.sistran.com\/latam\/wp-content\/uploads\/2021\/11\/3Icono_Adicionales.png``>&#8220;][vc_column_text]<\/p>\n<h3>Adicionales<\/h3>\n<p>Nuestra gran experiencia y conocimiento del mercado asegurador y la tecnolog\u00eda, nos permite prestar servicios especializados buscando el mayor potencial de crecimiento de su negocio y la permanente b\u00fasqueda de la excelencia operacional.<\/p>\n<p>Servicios Especializados<\/p>\n<ul style=\"font-family: corbel; font-size: 16px !important;\">\n<li>Consultor\u00eda<\/li>\n<li>Outsourcing de Recursos<\/li>\n<li>Capacitaci\u00f3n<\/li>\n<li>Guardias Pasivas\/Activas<\/li>\n<\/ul>\n<p>[\/vc_column_text][\/vc_tta_section][\/vc_tta_tabs][\/vc_column][\/vc_row]<\/p>\n<\/div>","protected":false},"excerpt":{"rendered":"<p>[vc_row][vc_column][vc_custom_heading text=&#8221;Nuestros Servicios&#8221; font_container=&#8221;tag:h2|font_size:4rem|text_align:left|color:%23009cff&#8221; google_fonts=&#8221;font_family:Montserrat%3Aregular%2C700|font_style:400%20regular%3A400%3Anormal&#8221; css_animation=&#8221;fadeInUp&#8221;][\/vc_column][\/vc_row][vc_row][vc_column][vc_column_text css_animation=&#8221;fadeInUp&#8221;] \u201cNuestro equipo est\u00e1 compuesto por experimentados analistas de negocio, gerentes de proyectos, arquitectos de soluciones, programadores y especialistas en aplicaci\u00f3n, totalmente orientados al sector de seguros.\u201d [\/vc_column_text][\/vc_column][\/vc_row][vc_row][vc_column css_animation=&#8221;fadeInUp&#8221;][vc_column_text css_animation=&#8221;fadeInUp&#8221; el_class=&#8221;texto-compania&#8221; css=&#8221;.vc_custom_1629503623998{margin-top: 10px !important;}&#8221;] SISTRAN cuenta con cuatro d\u00e9cadas de experiencia en el negocio de seguros, lo que garantiza [&hellip;]<\/p>\n","protected":false},"author":4,"featured_media":0,"parent":0,"menu_order":0,"comment_status":"closed","ping_status":"closed","template":"","meta":{"footnotes":""},"class_list":["post-4545","page","type-page","status-publish","hentry","wow fadeIn"],"yoast_head":"<!-- This site is optimized with the Yoast SEO plugin v27.2 - https:\/\/yoast.com\/product\/yoast-seo-wordpress\/ -->\n<title>Servicios Profesionales 2 &#8211;<\/title>\n<meta name=\"robots\" content=\"index, follow, max-snippet:-1, max-image-preview:large, max-video-preview:-1\" \/>\n<link rel=\"canonical\" href=\"https:\/\/www.sistran.com\/latam\/es\/servicios-profesionales-3\/\" \/>\n<meta property=\"og:locale\" content=\"es_ES\" \/>\n<meta property=\"og:type\" content=\"article\" \/>\n<meta property=\"og:title\" content=\"Servicios Profesionales 2 &#8211;\" \/>\n<meta property=\"og:description\" content=\"[vc_row][vc_column][vc_custom_heading text=&#8221;Nuestros Servicios&#8221; font_container=&#8221;tag:h2|font_size:4rem|text_align:left|color:%23009cff&#8221; google_fonts=&#8221;font_family:Montserrat%3Aregular%2C700|font_style:400%20regular%3A400%3Anormal&#8221; css_animation=&#8221;fadeInUp&#8221;][\/vc_column][\/vc_row][vc_row][vc_column][vc_column_text css_animation=&#8221;fadeInUp&#8221;] \u201cNuestro equipo est\u00e1 compuesto por experimentados analistas de negocio, gerentes de proyectos, arquitectos de soluciones, programadores y especialistas en aplicaci\u00f3n, totalmente orientados al sector de seguros.\u201d [\/vc_column_text][\/vc_column][\/vc_row][vc_row][vc_column css_animation=&#8221;fadeInUp&#8221;][vc_column_text css_animation=&#8221;fadeInUp&#8221; el_class=&#8221;texto-compania&#8221; css=&#8221;.vc_custom_1629503623998{margin-top: 10px !important;}&#8221;] SISTRAN cuenta con cuatro d\u00e9cadas de experiencia en el negocio de seguros, lo que garantiza [&hellip;]\" \/>\n<meta property=\"og:url\" content=\"https:\/\/www.sistran.com\/latam\/es\/servicios-profesionales-3\/\" \/>\n<meta property=\"og:site_name\" content=\"SISTRAN\" \/>\n<meta property=\"article:publisher\" content=\"https:\/\/www.facebook.com\/sistranconsultores\" \/>\n<meta property=\"article:modified_time\" content=\"2024-03-25T22:21:55+00:00\" \/>\n<meta property=\"og:image\" content=\"https:\/\/www.sistran.com\/latam\/wp-content\/uploads\/2021\/05\/SISTRAN_Logotipo.jpg\" \/>\n\t<meta property=\"og:image:width\" content=\"700\" \/>\n\t<meta property=\"og:image:height\" content=\"350\" \/>\n\t<meta property=\"og:image:type\" content=\"image\/jpeg\" \/>\n<meta name=\"twitter:card\" content=\"summary_large_image\" \/>\n<meta name=\"twitter:site\" content=\"@SistranC\" \/>\n<meta name=\"twitter:label1\" content=\"Tiempo de lectura\" \/>\n\t<meta name=\"twitter:data1\" content=\"4 minutos\" \/>\n<script type=\"application\/ld+json\" class=\"yoast-schema-graph\">{\"@context\":\"https:\/\/schema.org\",\"@graph\":[{\"@type\":\"WebPage\",\"@id\":\"https:\/\/www.sistran.com\/latam\/es\/servicios-profesionales-3\/\",\"url\":\"https:\/\/www.sistran.com\/latam\/es\/servicios-profesionales-3\/\",\"name\":\"Servicios Profesionales 2 &#8211;\",\"isPartOf\":{\"@id\":\"https:\/\/www.sistran.com\/latam\/#website\"},\"datePublished\":\"2021-11-18T12:08:01+00:00\",\"dateModified\":\"2024-03-25T22:21:55+00:00\",\"breadcrumb\":{\"@id\":\"https:\/\/www.sistran.com\/latam\/es\/servicios-profesionales-3\/#breadcrumb\"},\"inLanguage\":\"es-AR\",\"potentialAction\":[{\"@type\":\"ReadAction\",\"target\":[\"https:\/\/www.sistran.com\/latam\/es\/servicios-profesionales-3\/\"]}]},{\"@type\":\"BreadcrumbList\",\"@id\":\"https:\/\/www.sistran.com\/latam\/es\/servicios-profesionales-3\/#breadcrumb\",\"itemListElement\":[{\"@type\":\"ListItem\",\"position\":1,\"name\":\"Inicio\",\"item\":\"https:\/\/www.sistran.com\/latam\/es\/inicio\/\"},{\"@type\":\"ListItem\",\"position\":2,\"name\":\"Servicios Profesionales 2\"}]},{\"@type\":\"WebSite\",\"@id\":\"https:\/\/www.sistran.com\/latam\/#website\",\"url\":\"https:\/\/www.sistran.com\/latam\/\",\"name\":\"SISTRAN\",\"description\":\"Soluciones de Software para Compa\u00f1\u00edas de Seguros\",\"publisher\":{\"@id\":\"https:\/\/www.sistran.com\/latam\/#organization\"},\"potentialAction\":[{\"@type\":\"SearchAction\",\"target\":{\"@type\":\"EntryPoint\",\"urlTemplate\":\"https:\/\/www.sistran.com\/latam\/?s={search_term_string}\"},\"query-input\":{\"@type\":\"PropertyValueSpecification\",\"valueRequired\":true,\"valueName\":\"search_term_string\"}}],\"inLanguage\":\"es-AR\"},{\"@type\":\"Organization\",\"@id\":\"https:\/\/www.sistran.com\/latam\/#organization\",\"name\":\"SISTRAN\",\"url\":\"https:\/\/www.sistran.com\/latam\/\",\"logo\":{\"@type\":\"ImageObject\",\"inLanguage\":\"es-AR\",\"@id\":\"https:\/\/www.sistran.com\/latam\/#\/schema\/logo\/image\/\",\"url\":\"https:\/\/www.sistran.com\/latam\/wp-content\/uploads\/2021\/05\/Isologo-SISTRAN.png\",\"contentUrl\":\"https:\/\/www.sistran.com\/latam\/wp-content\/uploads\/2021\/05\/Isologo-SISTRAN.png\",\"width\":391,\"height\":390,\"caption\":\"SISTRAN\"},\"image\":{\"@id\":\"https:\/\/www.sistran.com\/latam\/#\/schema\/logo\/image\/\"},\"sameAs\":[\"https:\/\/www.facebook.com\/sistranconsultores\",\"https:\/\/x.com\/SistranC\",\"https:\/\/www.linkedin.com\/company\/sistran-consultores\/\",\"https:\/\/www.instagram.com\/sistranconsultores\/\"]}]}<\/script>\n<!-- \/ Yoast SEO plugin. -->","yoast_head_json":{"title":"Servicios Profesionales 2 &#8211;","robots":{"index":"index","follow":"follow","max-snippet":"max-snippet:-1","max-image-preview":"max-image-preview:large","max-video-preview":"max-video-preview:-1"},"canonical":"https:\/\/www.sistran.com\/latam\/es\/servicios-profesionales-3\/","og_locale":"es_ES","og_type":"article","og_title":"Servicios Profesionales 2 &#8211;","og_description":"[vc_row][vc_column][vc_custom_heading text=&#8221;Nuestros Servicios&#8221; font_container=&#8221;tag:h2|font_size:4rem|text_align:left|color:%23009cff&#8221; google_fonts=&#8221;font_family:Montserrat%3Aregular%2C700|font_style:400%20regular%3A400%3Anormal&#8221; css_animation=&#8221;fadeInUp&#8221;][\/vc_column][\/vc_row][vc_row][vc_column][vc_column_text css_animation=&#8221;fadeInUp&#8221;] \u201cNuestro equipo est\u00e1 compuesto por experimentados analistas de negocio, gerentes de proyectos, arquitectos de soluciones, programadores y especialistas en aplicaci\u00f3n, totalmente orientados al sector de seguros.\u201d [\/vc_column_text][\/vc_column][\/vc_row][vc_row][vc_column css_animation=&#8221;fadeInUp&#8221;][vc_column_text css_animation=&#8221;fadeInUp&#8221; el_class=&#8221;texto-compania&#8221; css=&#8221;.vc_custom_1629503623998{margin-top: 10px !important;}&#8221;] SISTRAN cuenta con cuatro d\u00e9cadas de experiencia en el negocio de seguros, lo que garantiza [&hellip;]","og_url":"https:\/\/www.sistran.com\/latam\/es\/servicios-profesionales-3\/","og_site_name":"SISTRAN","article_publisher":"https:\/\/www.facebook.com\/sistranconsultores","article_modified_time":"2024-03-25T22:21:55+00:00","og_image":[{"width":700,"height":350,"url":"https:\/\/www.sistran.com\/latam\/wp-content\/uploads\/2021\/05\/SISTRAN_Logotipo.jpg","type":"image\/jpeg"}],"twitter_card":"summary_large_image","twitter_site":"@SistranC","twitter_misc":{"Tiempo de lectura":"4 minutos"},"schema":{"@context":"https:\/\/schema.org","@graph":[{"@type":"WebPage","@id":"https:\/\/www.sistran.com\/latam\/es\/servicios-profesionales-3\/","url":"https:\/\/www.sistran.com\/latam\/es\/servicios-profesionales-3\/","name":"Servicios Profesionales 2 &#8211;","isPartOf":{"@id":"https:\/\/www.sistran.com\/latam\/#website"},"datePublished":"2021-11-18T12:08:01+00:00","dateModified":"2024-03-25T22:21:55+00:00","breadcrumb":{"@id":"https:\/\/www.sistran.com\/latam\/es\/servicios-profesionales-3\/#breadcrumb"},"inLanguage":"es-AR","potentialAction":[{"@type":"ReadAction","target":["https:\/\/www.sistran.com\/latam\/es\/servicios-profesionales-3\/"]}]},{"@type":"BreadcrumbList","@id":"https:\/\/www.sistran.com\/latam\/es\/servicios-profesionales-3\/#breadcrumb","itemListElement":[{"@type":"ListItem","position":1,"name":"Inicio","item":"https:\/\/www.sistran.com\/latam\/es\/inicio\/"},{"@type":"ListItem","position":2,"name":"Servicios Profesionales 2"}]},{"@type":"WebSite","@id":"https:\/\/www.sistran.com\/latam\/#website","url":"https:\/\/www.sistran.com\/latam\/","name":"SISTRAN","description":"Soluciones de Software para Compa\u00f1\u00edas de Seguros","publisher":{"@id":"https:\/\/www.sistran.com\/latam\/#organization"},"potentialAction":[{"@type":"SearchAction","target":{"@type":"EntryPoint","urlTemplate":"https:\/\/www.sistran.com\/latam\/?s={search_term_string}"},"query-input":{"@type":"PropertyValueSpecification","valueRequired":true,"valueName":"search_term_string"}}],"inLanguage":"es-AR"},{"@type":"Organization","@id":"https:\/\/www.sistran.com\/latam\/#organization","name":"SISTRAN","url":"https:\/\/www.sistran.com\/latam\/","logo":{"@type":"ImageObject","inLanguage":"es-AR","@id":"https:\/\/www.sistran.com\/latam\/#\/schema\/logo\/image\/","url":"https:\/\/www.sistran.com\/latam\/wp-content\/uploads\/2021\/05\/Isologo-SISTRAN.png","contentUrl":"https:\/\/www.sistran.com\/latam\/wp-content\/uploads\/2021\/05\/Isologo-SISTRAN.png","width":391,"height":390,"caption":"SISTRAN"},"image":{"@id":"https:\/\/www.sistran.com\/latam\/#\/schema\/logo\/image\/"},"sameAs":["https:\/\/www.facebook.com\/sistranconsultores","https:\/\/x.com\/SistranC","https:\/\/www.linkedin.com\/company\/sistran-consultores\/","https:\/\/www.instagram.com\/sistranconsultores\/"]}]}},"_links":{"self":[{"href":"https:\/\/www.sistran.com\/latam\/wp-json\/wp\/v2\/pages\/4545","targetHints":{"allow":["GET"]}}],"collection":[{"href":"https:\/\/www.sistran.com\/latam\/wp-json\/wp\/v2\/pages"}],"about":[{"href":"https:\/\/www.sistran.com\/latam\/wp-json\/wp\/v2\/types\/page"}],"author":[{"embeddable":true,"href":"https:\/\/www.sistran.com\/latam\/wp-json\/wp\/v2\/users\/4"}],"replies":[{"embeddable":true,"href":"https:\/\/www.sistran.com\/latam\/wp-json\/wp\/v2\/comments?post=4545"}],"version-history":[{"count":19,"href":"https:\/\/www.sistran.com\/latam\/wp-json\/wp\/v2\/pages\/4545\/revisions"}],"predecessor-version":[{"id":6125,"href":"https:\/\/www.sistran.com\/latam\/wp-json\/wp\/v2\/pages\/4545\/revisions\/6125"}],"wp:attachment":[{"href":"https:\/\/www.sistran.com\/latam\/wp-json\/wp\/v2\/media?parent=4545"}],"curies":[{"name":"wp","href":"https:\/\/api.w.org\/{rel}","templated":true}]}}